{"id":11,"date":"2014-07-28T22:00:08","date_gmt":"2014-07-29T04:00:08","guid":{"rendered":"http:\/\/delpulpito.com\/web\/?page_id=11"},"modified":"2014-07-28T22:11:22","modified_gmt":"2014-07-29T04:11:22","slug":"declaracion-de-fe","status":"publish","type":"page","link":"https:\/\/delpulpito.com\/index.php\/declaracion-de-fe\/","title":{"rendered":"Declaraci\u00f3n de Fe"},"content":{"rendered":"<div class=\"entry-content\">\n<ul>\n<li><strong>Creemos en<\/strong>\u00a0la inspiraci\u00f3n verbal y plenaria de la Santa Biblia. Los 66 libros que forman el canon del Antiguo y Nuevo Testamento fueron inerrantes en sus escritos originales y constituyen la autoridad final de fe y pr\u00e1ctica del creyente (2 Tim. 3:16-17).<\/li>\n<\/ul>\n<ul>\n<li><strong>Creemos en<\/strong>\u00a0la existencia del \u00fanico verdadero y Dios vivo (Deut. 6:4). Tambi\u00e9n creemos en la doctrina de la Trinidad; eso es, que dentro de la unidad de la Deidad existen tres personas\u2014Padre, Hijo y Esp\u00edritu Santo\u2014quien en su esencia son iguales y eternos pero distintos en su obra armoniosa.<\/li>\n<\/ul>\n<ul>\n<li>\u00a0<strong>Creemos en<\/strong>\u00a0Dios, el Padre, com\u00fanmente denominado la primera persona de la Trinidad. Dios es infinito y es esp\u00edritu Perfecto y es la fuente y preservaci\u00f3n de todas las cosas. Es perfecto en sus perfecciones y prop\u00f3sitos (G\u00e9n. 17:1; Sal. 138:7, 11; Hec. 15:18; Efe. 1:11).<\/li>\n<\/ul>\n<ul>\n<li>\u00a0<strong>Creemos en<\/strong>\u00a0Jesucristo, com\u00fanmente denominado la segunda persona de la Trinidad. El fue y es el Eterno Hijo de Dios, poseyendo tanto deidad absoluta como humanidad perfecta. El naci\u00f3 de la virgen Mar\u00eda, vivi\u00f3 una vida sin pecado, y dio su vida en el Calvario como sacrificio suficiente para los pecados de todo el mundo. Resucit\u00f3 corporalmente de la tumba, ascendi\u00f3 al cielo, y hoy act\u00faa como el representante del hombre y como el Gran Sumo Sacerdote (Luc. 24:39; Juan 1:1, 15a; 9:6; Heb. 4:15; 1 Tim. 2:6; 1 Juan 2:1).<\/li>\n<\/ul>\n<ul>\n<li><strong>\u00a0Creemos en<\/strong>\u00a0el Esp\u00edritu Santo. Como la tercera persona de la Trinidad, no es solamente una fuerza o influencia, sino es una persona, igual en esencia al Padre y al Hijo. Est\u00e1 activamente involucrado en el mundo, tanto en traer los perdidos a Cristo para salvaci\u00f3n como en muchos maravillosos ministerios a favor de los santos. Tambi\u00e9n da dones a creyentes y llena al creyente obediente, d\u00e1ndole poder para el servicio (Mat. 28:19; Juan 3:5; 16:8; I Cor. 6:19; 12:7ff, 13; Efe. 4:30; 5:18).<\/li>\n<\/ul>\n<ul>\n<li><strong>Creemos que<\/strong>\u00a0el universo y la humanidad son el resultado de la obra creativa directa de Dios. Dios cre\u00f3 el universo y lo que en \u00e9l hay en seis d\u00edas consecutivos de 24 horas de duraci\u00f3n. Rechazamos cualquier forma de evoluci\u00f3n, sea te\u00edsta o natural (G\u00e9n. 1:1, 27; Col. 1:16).<\/li>\n<\/ul>\n<ul>\n<li><strong>Creemos en<\/strong>\u00a0la existencia de \u00e1ngeles, que son seres espirituales creados por Dios para traerle gloria y cumplir sus prop\u00f3sitos en el universo. Aunque son m\u00e1s poderosos que seres humanos, no son omnipotentes (Sal. 103:20; 148:5; Heb. 1:13-14).<\/li>\n<\/ul>\n<ul>\n<li>\u00a0<strong>Creemos que<\/strong>\u00a0entre los seres angelicales existe un grupo a los cuales denominamos \u00e1ngeles ca\u00eddos, encabezados por Satan\u00e1s mismo. Satan\u00e1s, tambi\u00e9n conocido como el Diablo, es un ser real, creado por Dios como el \u00e1ngel Lucifer, quien por su rebeld\u00eda, cay\u00f3 de su posici\u00f3n exaltada. Cuando cay\u00f3, se llev\u00f3 una parte de las huestes angelicales con \u00e9l. Hoy estas huestes demoniacas sirven a Satan\u00e1s como los \u00e1ngeles buenos sirven a Dios. Satan\u00e1s se ocupa en oponerse a Dios y al pueblo de Dios en cualquier manera posible. Su destino eterno ya ha sido determinado en el lago de fuego (Isa. 14:12-14; I Ped. 5:8; Apoc. 12:7; 20:10).<\/li>\n<\/ul>\n<ul>\n<li><strong>Creemos que<\/strong>\u00a0el hombre es la creaci\u00f3n directa de Dios. El hombre, quien fue creado en la imagen y semejanza de Dios en la condici\u00f3n de perfecci\u00f3n o inocencia, cay\u00f3 de su posici\u00f3n por su trasgresi\u00f3n; como resultado, toda la humanidad es pecadora por naturaleza y por decisi\u00f3n. En la ca\u00edda, la humanidad acarre\u00f3 la justa condenaci\u00f3n de un Dios Santo, trayendo as\u00ed la muerte f\u00edsica y espiritual (G\u00e9n. 1:26-27; 3:1-19; Rom. 5:12-19; 2:10-12, 23).<\/li>\n<\/ul>\n<ul>\n<li><strong>Creemos en<\/strong>\u00a0la salvaci\u00f3n de pecadores. La base de nuestra salvaci\u00f3n es la obra completada de Cristo en la Cruz, y el medio de nuestra salvaci\u00f3n es el arrepentimiento hacia Dios y la fe en el Se\u00f1or Jesucristo. La salvaci\u00f3n no viene por lo que hacemos sino por lo que \u00c9l ha hecho. Es ofrecida libremente a toda persona. Simplemente recibimos su gracia insondable. Cuando aceptamos a Cristo como Salvador, somos regenerados, justificados, adoptados, santificados, y un d\u00eda seremos glorificados. Cuando somos verdaderamente salvos, nunca podemos perecer eternamente ya que nuestro destino depende de Su poder y no de nuestras propias fuerzas (Juan3:16; Hec. 3:19; 4:12; 20:21; Rom. 5:1; 8:15, 30; 1 Cor. 6;11; Efe. 2:8-9; Fil. 1:6; 1 Tim. 4;10; Tito 3:5-7).<\/li>\n<\/ul>\n<ul>\n<li><strong>Creemos en<\/strong>\u00a0la santificaci\u00f3n del creyente. La santificaci\u00f3n en la Biblia conlleva la idea de separar al creyente para el servicio de Dios y as\u00ed llegar a ser m\u00e1s como su Se\u00f1or. La santificaci\u00f3n incluye tres aspectos. La santificaci\u00f3n posicional ocurre en el momento de la salvaci\u00f3n; el hombre se reviste de la justicia de Cristo. La santificaci\u00f3n pr\u00e1ctica es un proceso continuo por el cual el creyente llega a ser conformado m\u00e1s y m\u00e1s a la imagen del Hijo de Dios. La santificaci\u00f3n perfecta ocurrir\u00e1 un d\u00eda cuando lleguemos a estar con el Se\u00f1or (sea por muerte o rapto) y ya no tendremos que luchar con la vieja naturaleza porque seremos como \u00c9l es (1 Cor. 1:2; Fil. 3:20-21; 2 Ped. 3:18; 1 Juan 3:2).<\/li>\n<\/ul>\n<ul>\n<li><strong>Creemos que<\/strong>\u00a0Dios ha dado dones espirituales a los creyentes para servir en y a trav\u00e9s de la iglesia local. Cada creyente recibe por lo menos un don, y el uso de los dones siempre debe ser para el prop\u00f3sito final de traer gloria a Dios. Entre los dones mencionados en la Biblia, creemos que los dones milagrosos (milagros, hablar en lenguas, interpretaci\u00f3n de lenguas, profec\u00eda) eran temporales en naturaleza y dados a la iglesia primitiva en su estado de ni\u00f1ez para completar el canon de las Escrituras. Por esto, rechazamos el movimiento carism\u00e1tico moderno y la confusi\u00f3n que ha causado (Rom. 12:6-8; I Cor. 12:1-11; 13:8; Efe. 4:11-12).<\/li>\n<\/ul>\n<ul>\n<li><strong>Creemos que<\/strong>\u00a0la iglesia de Jesucristo es la instituci\u00f3n que Dios ha establecido para esta edad para cumplir sus prop\u00f3sitos en el mundo. La iglesia es el cuerpo de Cristo, y la iglesia local es la expresi\u00f3n visible del cuerpo de Cristo, congreg\u00e1ndose en un lugar y tiempo espec\u00edfico. Cristo es la Cabeza de la Iglesia, y la Palabra de Dios es su autoridad. La iglesia local est\u00e1 formada por creyentes bautizados (por inmersi\u00f3n) que se congregan para adoraci\u00f3n, comuni\u00f3n, edificaci\u00f3n y evangelismo. Iglesias locales son guiadas por hombres piadosos que ejercen en dos oficios o capacidades: pastores\/ancianos\/obispos y di\u00e1conos. Tambi\u00e9n observan dos ordenanzas: el bautismo y la Santa Cena (Cena del Se\u00f1or) (Hec. 1:5; 2:41-47; 1 Cor. 11:17-34; 12:13; Gal. 1:2; Col. 1:18; 1 Tim. 3:2, 8).<\/li>\n<\/ul>\n<ul>\n<li><strong>Creemos que<\/strong>\u00a0Dios tiene un plan para los d\u00edas finales. El pr\u00f3ximo evento en el calendario prof\u00e9tico de Dios es el regreso de Cristo. Creemos que su regreso se llevar\u00e1 a cabo en dos fases. La primera fase ser\u00e1 el Rapto de su iglesia y ser\u00e1 premilenial. Tambi\u00e9n creemos en la Tribulaci\u00f3n, que concluir\u00e1 con el regreso de Cristo. Despu\u00e9s del reino milenial de Cristo, que culminar\u00e1 con el Juicio del Gran Trono Blanco, vendr\u00e1 la eternidad. Creemos en el castigo eterno de cada persona en el infierno por toda eternidad y la felicidad bendita y eterna de los santos en el cielo (1 Tes. 4:16-17; Apoc. 3:10, 6-19; 19:11-16; 20:1-6, 11-15; 21:1-8).<\/li>\n<\/ul>\n<ul>\n<li>\u00a0<strong>Creemos que<\/strong>\u00a0Dios llama a creyentes a vivir una vida caracterizada por la separaci\u00f3n personal y eclesi\u00e1stica. Debemos abstenernos de cualquier cosa que pueda contaminarnos o traer verg\u00fcenza sobre el nombre de Cristo. Somos llamados a vivir vidas caracterizadas por la santidad y pureza, siendo ejemplos de un mundo que observa al creyente. Las iglesias son llamadas a abstenerse de cooperaci\u00f3n o alianzas con grupos que no sostienen y defienden las verdades reveladas en la Palabra de Dios. Por esto, no aceptamos las posiciones reflejadas por el movimiento ecum\u00e9nico, la neo-ortodoxia, el neo-evangelismo o las expresiones variadas del movimiento carism\u00e1tico. Creemos que el compa\u00f1erismo y la cooperaci\u00f3n deber\u00e1 limitarse a aquellos de creencias similares (Rom. 16:17; 1 Cor. 6:19-20; 2 Cor. 6:14-17; 1 Tes. 5:22; 2 Tes. 3:6, 14-15; 1 Juan 2:15, 17; 2 Juan 9, 10).<\/li>\n<\/ul>\n<\/div>\n","protected":false},"excerpt":{"rendered":"<p>Creemos en\u00a0la inspiraci\u00f3n verbal y plenaria de la Santa Biblia. Los 66 libros que forman el canon del Antiguo y Nuevo Testamento fueron inerrantes en sus escritos originales y constituyen la autoridad final de fe y pr\u00e1ctica del creyente (2 Tim. 3:16-17). Creemos en\u00a0la existencia del \u00fanico verdadero y Dios vivo (Deut. 6:4). Tambi\u00e9n creemos [&hellip;]<\/p>\n","protected":false},"author":1,"featured_media":0,"parent":0,"menu_order":0,"comment_status":"closed","ping_status":"closed","template":"","meta":[],"_links":{"self":[{"href":"https:\/\/delpulpito.com\/index.php\/wp-json\/wp\/v2\/pages\/11"}],"collection":[{"href":"https:\/\/delpulpito.com\/index.php\/wp-json\/wp\/v2\/pages"}],"about":[{"href":"https:\/\/delpulpito.com\/index.php\/wp-json\/wp\/v2\/types\/page"}],"author":[{"embeddable":true,"href":"https:\/\/delpulpito.com\/index.php\/wp-json\/wp\/v2\/users\/1"}],"replies":[{"embeddable":true,"href":"https:\/\/delpulpito.com\/index.php\/wp-json\/wp\/v2\/comments?post=11"}],"version-history":[{"count":1,"href":"https:\/\/delpulpito.com\/index.php\/wp-json\/wp\/v2\/pages\/11\/revisions"}],"predecessor-version":[{"id":12,"href":"https:\/\/delpulpito.com\/index.php\/wp-json\/wp\/v2\/pages\/11\/revisions\/12"}],"wp:attachment":[{"href":"https:\/\/delpulpito.com\/index.php\/wp-json\/wp\/v2\/media?parent=11"}],"curies":[{"name":"wp","href":"https:\/\/api.w.org\/{rel}","templated":true}]}}